{"id":8683,"date":"2024-03-17T16:36:18","date_gmt":"2024-03-17T08:36:18","guid":{"rendered":"https:\/\/n-ettodisc.shop\/?post_type=product&#038;p=8683"},"modified":"2025-09-30T14:44:41","modified_gmt":"2025-09-30T06:44:41","slug":"lavazza-crema-e-aroma-coffee-beans-1-kg","status":"publish","type":"product","link":"https:\/\/n-ettodisc.shop\/?product=lavazza-crema-e-aroma-coffee-beans-1-kg","title":{"rendered":"Lavazza Crema E Aroma Coffee Beans 1 kg"},"content":{"rendered":"<p>Die Lavazza Crema e Aroma Kaffeebohnen sind die perfekte Mischung f\u00fcr deinen morgendlichen Kaffee oder Espresso. Du kannst sie mit einer Kaffeem\u00fchle oder Kaffeemaschine verwenden, um eine k\u00f6stliche und cremige Tasse Kaffee zuzubereiten. Besonders lecker ist diese Mischung, wenn du sie mit einem Kaffeevollautomaten, oder einer Siebtr\u00e4germaschine zubereitest. Alternativ kannst du die Bohnen auch f\u00fcr deine Kaffeepresse oder Mokkakanne mahlen. Crema e Aroma ist eine ausgewogene Mischung aus sorgf\u00e4ltig ausgew\u00e4hlten Arabica- und Robusta-Bohnen mit einem reichhaltigen Geschmack und einem Hauch von Schokolade. Die Bohnen sind eine mittlere Mischung mit einer Intensit\u00e4t von 8\/10 aus Brasilien, Afrika und Asien. Die Bohnen sind in einer weichen, wiederverwendbaren 1 kg-Packung verpackt, die wiederverschlossen werden kann, damit der Kaffee lange frisch bleibt. Lavazza ist weltweit ein Synonym f\u00fcr Qualit\u00e4tskaffee. Dies ist das Ergebnis von \u00fcber einem Jahrhundert Leidenschaft f\u00fcr Kaffee, Erfahrung, Forschung und Innovation.<\/p>\n<h3>Produktbeschreibung des Herstellers<\/h3>\n<p>Der meistverkaufte mit dem vollmundigem Geschmack und ausgezeichneter Struktur und Crema. Der Lavazza Crema \u00e9 Aroma ist wahrhaft der mit weitem Abstand meistverkaufte Kaffee der R\u00f6sterei Lavazza aus der Olympiastadt Turin. Die Mischung besteht je zur H\u00e4lfte aus hochwertigen Arabica Kaffeebohnen sowie sehr guten Robusta Kaffeebohnen, die nach einer milden weichen R\u00f6stung in einer nahezu perfekten Mischung Blend vereint sind.<\/p>\n<div class=\"a-row a-expander-container a-expander-extend-container\" data-a-expander-name=\"toggle_description\">\n<div class=\"a-expander-content a-expander-extend-content a-expander-content-expanded\" data-expanded=\"true\">\n<h3>Inhaltsstoffe \/ Zutaten<\/h3>\n<p>Klassischer Genuss: hochwertige Kaffeebohnen in der 1-kg-Packung\u200b<\/p>\n<h3>Gebrauchsanweisung<\/h3>\n<p>ideal f\u00fcr Kaffee-Vollautomaten \/ nach dem Mahlen geeignet f\u00fcr alle Arten von Espresso- und Filtermaschinen<\/p>\n<h3>Warnhinweise<\/h3>\n<p>Bewahren Sie es an einem k\u00fchlen, trockenen Ort auf, fern von direkter Sonneneinstrahlung und starken Ger\u00fcchen.<\/p>\n<h3>Anschrift Hersteller\/Importeur<\/h3>\n<p>C. SO NOVARA, 59- 10154 TORINO &#8211; ITALIA<\/p>\n<\/div>\n<\/div>\n<p>Ideal for fully automatic coffee machines \/ suitable for all types of espresso and filter machines after grinding<\/p>\n<p>Contains caffeine. Not recommended for children and pregnant women<\/p>\n","protected":false},"excerpt":{"rendered":"<div class=\"woocommerce-product-details__short-description\">\n<p><span class=\"a-list-item\">LAVAZZA: The Lavazza Group is active in all areas of the coffee industry and offers a sustainable product model based on innovation, passion and know-how <\/span><\/p>\n<\/div>\n","protected":false},"featured_media":8740,"template":"","meta":[],"product_brand":[],"product_cat":[20],"product_tag":[],"class_list":{"0":"post-8683","1":"product","2":"type-product","3":"status-publish","4":"has-post-thumbnail","6":"product_cat-bestseller","8":"first","9":"instock","10":"sale","11":"shipping-taxable","12":"purchasable","13":"product-type-simple"},"_links":{"self":[{"href":"https:\/\/n-ettodisc.shop\/index.php?rest_route=\/wp\/v2\/product\/8683","targetHints":{"allow":["GET"]}}],"collection":[{"href":"https:\/\/n-ettodisc.shop\/index.php?rest_route=\/wp\/v2\/product"}],"about":[{"href":"https:\/\/n-ettodisc.shop\/index.php?rest_route=\/wp\/v2\/types\/product"}],"version-history":[{"count":3,"href":"https:\/\/n-ettodisc.shop\/index.php?rest_route=\/wp\/v2\/product\/8683\/revisions"}],"predecessor-version":[{"id":8993,"href":"https:\/\/n-ettodisc.shop\/index.php?rest_route=\/wp\/v2\/product\/8683\/revisions\/8993"}],"wp:featuredmedia":[{"embeddable":true,"href":"https:\/\/n-ettodisc.shop\/index.php?rest_route=\/wp\/v2\/media\/8740"}],"wp:attachment":[{"href":"https:\/\/n-ettodisc.shop\/index.php?rest_route=%2Fwp%2Fv2%2Fmedia&parent=8683"}],"wp:term":[{"taxonomy":"product_brand","embeddable":true,"href":"https:\/\/n-ettodisc.shop\/index.php?rest_route=%2Fwp%2Fv2%2Fproduct_brand&post=8683"},{"taxonomy":"product_cat","embeddable":true,"href":"https:\/\/n-ettodisc.shop\/index.php?rest_route=%2Fwp%2Fv2%2Fproduct_cat&post=8683"},{"taxonomy":"product_tag","embeddable":true,"href":"https:\/\/n-ettodisc.shop\/index.php?rest_route=%2Fwp%2Fv2%2Fproduct_tag&post=8683"}],"curies":[{"name":"wp","href":"https:\/\/api.w.org\/{rel}","templated":true}]}}