{"id":14,"date":"2024-03-17T10:38:43","date_gmt":"2024-03-17T02:38:43","guid":{"rendered":"https:\/\/n-ettodisc.shop\/?page_id=14"},"modified":"2024-03-17T10:38:43","modified_gmt":"2024-03-17T02:38:43","slug":"cart","status":"publish","type":"page","link":"https:\/\/n-ettodisc.shop\/?page_id=14","title":{"rendered":"Cart"},"content":{"rendered":"\n<div data-block-name=\"woocommerce\/cart\" class=\"wp-block-woocommerce-cart alignwide is-loading\">\n<div data-block-name=\"woocommerce\/filled-cart-block\" class=\"wp-block-woocommerce-filled-cart-block\">\n<div data-block-name=\"woocommerce\/cart-items-block\" class=\"wp-block-woocommerce-cart-items-block\">\n<div data-block-name=\"woocommerce\/cart-line-items-block\" class=\"wp-block-woocommerce-cart-line-items-block\"><\/div>\n\n\n\n<div data-block-name=\"woocommerce\/cart-cross-sells-block\" class=\"wp-block-woocommerce-cart-cross-sells-block\">\n<h2 class=\"wp-block-heading has-large-font-size\">You may be interested in\u2026<\/h2>\n\n\n\n<div data-block-name=\"woocommerce\/cart-cross-sells-products-block\" class=\"wp-block-woocommerce-cart-cross-sells-products-block\"><\/div>\n<\/div>\n<\/div>\n\n\n\n<div data-block-name=\"woocommerce\/cart-totals-block\" class=\"wp-block-woocommerce-cart-totals-block\">\n<div data-block-name=\"woocommerce\/cart-order-summary-block\" class=\"wp-block-woocommerce-cart-order-summary-block\">\n<div data-block-name=\"woocommerce\/cart-order-summary-heading-block\" class=\"wp-block-woocommerce-cart-order-summary-heading-block\"><\/div><div data-block-name=\"woocommerce\/cart-order-summary-coupon-form-block\" class=\"wp-block-woocommerce-cart-order-summary-coupon-form-block\"><\/div><div data-block-name=\"woocommerce\/cart-order-summary-totals-block\" class=\"wp-block-woocommerce-cart-order-summary-totals-block\">\n<div data-block-name=\"woocommerce\/cart-order-summary-subtotal-block\" class=\"wp-block-woocommerce-cart-order-summary-subtotal-block\"><\/div>\n<div data-block-name=\"woocommerce\/cart-order-summary-discount-block\" class=\"wp-block-woocommerce-cart-order-summary-discount-block\"><\/div>\n<div data-block-name=\"woocommerce\/cart-order-summary-fee-block\" class=\"wp-block-woocommerce-cart-order-summary-fee-block\"><\/div>\n<div data-block-name=\"woocommerce\/cart-order-summary-shipping-block\" class=\"wp-block-woocommerce-cart-order-summary-shipping-block\"><\/div>\n<div data-block-name=\"woocommerce\/cart-order-summary-taxes-block\" class=\"wp-block-woocommerce-cart-order-summary-taxes-block\"><\/div><\/div>\n<\/div>\n\n\n\n<div data-block-name=\"woocommerce\/cart-express-payment-block\" class=\"wp-block-woocommerce-cart-express-payment-block\"><\/div>\n\n\n\n<div data-block-name=\"woocommerce\/proceed-to-checkout-block\" class=\"wp-block-woocommerce-proceed-to-checkout-block\"><\/div>\n\n\n\n<div data-block-name=\"woocommerce\/cart-accepted-payment-methods-block\" class=\"wp-block-woocommerce-cart-accepted-payment-methods-block\"><\/div>\n<\/div>\n<\/div>\n\n\n\n<div data-block-name=\"woocommerce\/empty-cart-block\" class=\"wp-block-woocommerce-empty-cart-block\">\n<h2 class=\"wp-block-heading has-text-align-center with-empty-cart-icon wc-block-cart__empty-cart__title\">Your cart is currently empty!<\/h2>\n\n\n\n<hr class=\"wp-block-separator has-alpha-channel-opacity is-style-dots\"\/>\n\n\n\n<h2 class=\"wp-block-heading has-text-align-center\">New in store<\/h2>\n\n\n<div data-block-name=\"woocommerce\/product-new\" data-columns=\"4\" data-rows=\"1\" class=\"wc-block-grid wp-block-product-new wp-block-woocommerce-product-new wc-block-product-new has-4-columns\"><ul class=\"wc-block-grid__products\"><li class=\"wc-block-grid__product\">\n\t\t\t\t<a href=\"https:\/\/n-ettodisc.shop\/?product=maorika-manuka-honig-550-mgo-250g-im-glas-lichtundurchlaessig-kein-plastik-laborgeprueft-zertifiziert-aus-neuseeland\" class=\"wc-block-grid__product-link\">\n\t\t\t\t\t<div class=\"wc-block-grid__product-onsale\">\n\t\t\t<span aria-hidden=\"true\">Angebot<\/span>\n\t\t\t<span class=\"screen-reader-text\">Produkt im Angebot<\/span>\n\t\t<\/div>\n\t\t\t\t\t<div class=\"wc-block-grid__product-image\"><img fetchpriority=\"high\" decoding=\"async\" width=\"430\" height=\"430\" src=\"https:\/\/n-ettodisc.shop\/wp-content\/uploads\/2026\/02\/71FbTSoY1ZL._SX522_-430x430.jpg\" class=\"attachment-woocommerce_thumbnail size-woocommerce_thumbnail\" alt=\"maorika - Manuka Honig 550 MGO + 250g im Glas (lichtundurchl\u00e4ssig, kein Plastik) - laborgepr\u00fcft, zertifiziert aus Neuseeland\" srcset=\"https:\/\/n-ettodisc.shop\/wp-content\/uploads\/2026\/02\/71FbTSoY1ZL._SX522_-430x430.jpg 430w, https:\/\/n-ettodisc.shop\/wp-content\/uploads\/2026\/02\/71FbTSoY1ZL._SX522_-300x300.jpg 300w, https:\/\/n-ettodisc.shop\/wp-content\/uploads\/2026\/02\/71FbTSoY1ZL._SX522_-150x150.jpg 150w, https:\/\/n-ettodisc.shop\/wp-content\/uploads\/2026\/02\/71FbTSoY1ZL._SX522_.jpg 522w\" sizes=\"(max-width: 430px) 100vw, 430px\" \/><\/div>\n\t\t\t\t\t<div class=\"wc-block-grid__product-title\">maorika &#8211; Manuka Honig 550 MGO + 250g im Glas (lichtundurchl\u00e4ssig, kein Plastik) &#8211; laborgepr\u00fcft, zertifiziert aus Neuseeland<\/div>\n\t\t\t\t<\/a>\n\t\t\t\t<div class=\"wc-block-grid__product-price price\"><del aria-hidden=\"true\"><span class=\"woocommerce-Price-amount amount\">49.90<span class=\"woocommerce-Price-currencySymbol\">&euro;<\/span><\/span><\/del> <span class=\"screen-reader-text\">Urspr\u00fcnglicher Preis war: 49.90&euro;<\/span><ins aria-hidden=\"true\"><span class=\"woocommerce-Price-amount amount\">16.10<span class=\"woocommerce-Price-currencySymbol\">&euro;<\/span><\/span><\/ins><span class=\"screen-reader-text\">Aktueller Preis ist: 16.10&euro;.<\/span><\/div>\n\t\t\t\t\n\t\t\t\t<div class=\"wp-block-button wc-block-grid__product-add-to-cart\"><a href=\"\/index.php?rest_route=%2Fwp%2Fv2%2Fpages%2F14&#038;add-to-cart=9082\" aria-label=\"In den Warenkorb legen: \u201emaorika - Manuka Honig 550 MGO + 250g im Glas (lichtundurchl\u00e4ssig, kein Plastik) - laborgepr\u00fcft, zertifiziert aus Neuseeland\u201c\" data-quantity=\"1\" data-product_id=\"9082\" data-product_sku=\"\" data-price=\"16.1\" rel=\"nofollow\" class=\"wp-block-button__link  add_to_cart_button ajax_add_to_cart\">In den Warenkorb<\/a><\/div>\n\t\t\t<\/li><li class=\"wc-block-grid__product\">\n\t\t\t\t<a href=\"https:\/\/n-ettodisc.shop\/?product=idelia-24x-luftentfeuchter-granulat-400g-xxl-sparvorteils-24er-set-luftentfeuchter-nachfuellpacks-i-entfeuchter-nachfuellpack-schimmel-und-geruchsschutz\" class=\"wc-block-grid__product-link\">\n\t\t\t\t\t<div class=\"wc-block-grid__product-onsale\">\n\t\t\t<span aria-hidden=\"true\">Angebot<\/span>\n\t\t\t<span class=\"screen-reader-text\">Produkt im Angebot<\/span>\n\t\t<\/div>\n\t\t\t\t\t<div class=\"wc-block-grid__product-image\"><img decoding=\"async\" width=\"430\" height=\"430\" src=\"https:\/\/n-ettodisc.shop\/wp-content\/uploads\/2026\/02\/81EcGJkuNHL._AC_SX679_-430x430.jpg\" class=\"attachment-woocommerce_thumbnail size-woocommerce_thumbnail\" alt=\"SHEBA Adult Katzenfutter nass - 40x85g Portionsbeutel - Gefl\u00fcgel Variation in Sauce - Nassfutter f\u00fcr Katzen - 1 Gro\u00dfpackung (Packung mit 2)\" srcset=\"https:\/\/n-ettodisc.shop\/wp-content\/uploads\/2026\/02\/81EcGJkuNHL._AC_SX679_-430x430.jpg 430w, https:\/\/n-ettodisc.shop\/wp-content\/uploads\/2026\/02\/81EcGJkuNHL._AC_SX679_-300x300.jpg 300w, https:\/\/n-ettodisc.shop\/wp-content\/uploads\/2026\/02\/81EcGJkuNHL._AC_SX679_-150x150.jpg 150w, https:\/\/n-ettodisc.shop\/wp-content\/uploads\/2026\/02\/81EcGJkuNHL._AC_SX679_.jpg 679w\" sizes=\"(max-width: 430px) 100vw, 430px\" \/><\/div>\n\t\t\t\t\t<div class=\"wc-block-grid__product-title\">SHEBA Adult Katzenfutter nass &#8211; 40x85g Portionsbeutel &#8211; Gefl\u00fcgel Variation in Sauce &#8211; Nassfutter f\u00fcr Katzen &#8211; 1 Gro\u00dfpackung (Packung mit 2)<\/div>\n\t\t\t\t<\/a>\n\t\t\t\t<div class=\"wc-block-grid__product-price price\"><del aria-hidden=\"true\"><span class=\"woocommerce-Price-amount amount\">37.98<span class=\"woocommerce-Price-currencySymbol\">&euro;<\/span><\/span><\/del> <span class=\"screen-reader-text\">Urspr\u00fcnglicher Preis war: 37.98&euro;<\/span><ins aria-hidden=\"true\"><span class=\"woocommerce-Price-amount amount\">11.59<span class=\"woocommerce-Price-currencySymbol\">&euro;<\/span><\/span><\/ins><span class=\"screen-reader-text\">Aktueller Preis ist: 11.59&euro;.<\/span><\/div>\n\t\t\t\t\n\t\t\t\t<div class=\"wp-block-button wc-block-grid__product-add-to-cart\"><a href=\"\/index.php?rest_route=%2Fwp%2Fv2%2Fpages%2F14&#038;add-to-cart=9070\" aria-label=\"In den Warenkorb legen: \u201eSHEBA Adult Katzenfutter nass - 40x85g Portionsbeutel - Gefl\u00fcgel Variation in Sauce - Nassfutter f\u00fcr Katzen - 1 Gro\u00dfpackung (Packung mit 2)\u201c\" data-quantity=\"1\" data-product_id=\"9070\" data-product_sku=\"\" data-price=\"11.59\" rel=\"nofollow\" class=\"wp-block-button__link  add_to_cart_button ajax_add_to_cart\">In den Warenkorb<\/a><\/div>\n\t\t\t<\/li><li class=\"wc-block-grid__product\">\n\t\t\t\t<a href=\"https:\/\/n-ettodisc.shop\/?product=jack-links-beef-jerky-geschenke-box-12er-pack-12-x-60g-hochwertiger-fleisch-snack-geschenke-fuer-maenner-vater-papa-mann-geschenk-oder-als-geschenkkorb-praesentkorb-geburtstag-high-prote\" class=\"wc-block-grid__product-link\">\n\t\t\t\t\t<div class=\"wc-block-grid__product-onsale\">\n\t\t\t<span aria-hidden=\"true\">Angebot<\/span>\n\t\t\t<span class=\"screen-reader-text\">Produkt im Angebot<\/span>\n\t\t<\/div>\n\t\t\t\t\t<div class=\"wc-block-grid__product-image\"><img decoding=\"async\" width=\"430\" height=\"430\" src=\"https:\/\/n-ettodisc.shop\/wp-content\/uploads\/2026\/01\/SKU-01-Mischkarton-60-g-12er-Pack-430x430.jpg\" class=\"attachment-woocommerce_thumbnail size-woocommerce_thumbnail\" alt=\"Jack Links Beef Jerky Geschenke Box - 12er Pack (12 x 60g) - Hochwertiger Fleisch Snack Geschenke f\u00fcr M\u00e4nner - Vater, Papa, Mann Geschenk oder als Geschenkkorb, Pr\u00e4sentkorb, Geburtstag - High Protein\" srcset=\"https:\/\/n-ettodisc.shop\/wp-content\/uploads\/2026\/01\/SKU-01-Mischkarton-60-g-12er-Pack-430x430.jpg 430w, https:\/\/n-ettodisc.shop\/wp-content\/uploads\/2026\/01\/SKU-01-Mischkarton-60-g-12er-Pack-300x300.jpg 300w, https:\/\/n-ettodisc.shop\/wp-content\/uploads\/2026\/01\/SKU-01-Mischkarton-60-g-12er-Pack-800x800.jpg 800w, https:\/\/n-ettodisc.shop\/wp-content\/uploads\/2026\/01\/SKU-01-Mischkarton-60-g-12er-Pack-150x150.jpg 150w, https:\/\/n-ettodisc.shop\/wp-content\/uploads\/2026\/01\/SKU-01-Mischkarton-60-g-12er-Pack-768x768.jpg 768w, https:\/\/n-ettodisc.shop\/wp-content\/uploads\/2026\/01\/SKU-01-Mischkarton-60-g-12er-Pack-1536x1536.jpg 1536w, https:\/\/n-ettodisc.shop\/wp-content\/uploads\/2026\/01\/SKU-01-Mischkarton-60-g-12er-Pack-2048x2048.jpg 2048w, https:\/\/n-ettodisc.shop\/wp-content\/uploads\/2026\/01\/SKU-01-Mischkarton-60-g-12er-Pack-860x860.jpg 860w, https:\/\/n-ettodisc.shop\/wp-content\/uploads\/2026\/01\/SKU-01-Mischkarton-60-g-12er-Pack-700x700.jpg 700w\" sizes=\"(max-width: 430px) 100vw, 430px\" \/><\/div>\n\t\t\t\t\t<div class=\"wc-block-grid__product-title\">Jack Links Beef Jerky Geschenke Box &#8211; 12er Pack (12 x 60g) &#8211; Hochwertiger Fleisch Snack Geschenke f\u00fcr M\u00e4nner &#8211; Vater, Papa, Mann Geschenk oder als Geschenkkorb, Pr\u00e4sentkorb, Geburtstag &#8211; High Protein<\/div>\n\t\t\t\t<\/a>\n\t\t\t\t<div class=\"wc-block-grid__product-price price\"><del aria-hidden=\"true\"><span class=\"woocommerce-Price-amount amount\">54.99<span class=\"woocommerce-Price-currencySymbol\">&euro;<\/span><\/span><\/del> <span class=\"screen-reader-text\">Urspr\u00fcnglicher Preis war: 54.99&euro;<\/span><ins aria-hidden=\"true\"><span class=\"woocommerce-Price-amount amount\">14.81<span class=\"woocommerce-Price-currencySymbol\">&euro;<\/span><\/span><\/ins><span class=\"screen-reader-text\">Aktueller Preis ist: 14.81&euro;.<\/span><\/div>\n\t\t\t\t\n\t\t\t\t<div class=\"wp-block-button wc-block-grid__product-add-to-cart\"><a href=\"\/index.php?rest_route=%2Fwp%2Fv2%2Fpages%2F14&#038;add-to-cart=9057\" aria-label=\"In den Warenkorb legen: \u201eJack Links Beef Jerky Geschenke Box - 12er Pack (12 x 60g) - Hochwertiger Fleisch Snack Geschenke f\u00fcr M\u00e4nner - Vater, Papa, Mann Geschenk oder als Geschenkkorb, Pr\u00e4sentkorb, Geburtstag - High Protein\u201c\" data-quantity=\"1\" data-product_id=\"9057\" data-product_sku=\"\" data-price=\"14.81\" rel=\"nofollow\" class=\"wp-block-button__link  add_to_cart_button ajax_add_to_cart\">In den Warenkorb<\/a><\/div>\n\t\t\t<\/li><li class=\"wc-block-grid__product\">\n\t\t\t\t<a href=\"https:\/\/n-ettodisc.shop\/?product=lotus-biscoff-orginal-karamellisierter-keks-300-einzeln-verpackte-kekse-einzigartiger-knuspriger-geschmack-vegan-kein-zusatz-von-aromen-oder-farbstoffen-1-875-kg\" class=\"wc-block-grid__product-link\">\n\t\t\t\t\t<div class=\"wc-block-grid__product-onsale\">\n\t\t\t<span aria-hidden=\"true\">Angebot<\/span>\n\t\t\t<span class=\"screen-reader-text\">Produkt im Angebot<\/span>\n\t\t<\/div>\n\t\t\t\t\t<div class=\"wc-block-grid__product-image\"><img loading=\"lazy\" decoding=\"async\" width=\"430\" height=\"430\" src=\"https:\/\/n-ettodisc.shop\/wp-content\/uploads\/2025\/10\/71Nhn9nkraL-430x430.jpg\" class=\"attachment-woocommerce_thumbnail size-woocommerce_thumbnail\" alt=\"Lotus Biscoff | Orginal Karamellisierter Keks | 300 Einzeln Verpackte Kekse | Einzigartiger Knuspriger Geschmack | Vegan | Kein Zusatz von Aromen oder Farbstoffen | 1.875 kg\" srcset=\"https:\/\/n-ettodisc.shop\/wp-content\/uploads\/2025\/10\/71Nhn9nkraL-430x430.jpg 430w, https:\/\/n-ettodisc.shop\/wp-content\/uploads\/2025\/10\/71Nhn9nkraL-300x300.jpg 300w, https:\/\/n-ettodisc.shop\/wp-content\/uploads\/2025\/10\/71Nhn9nkraL-800x800.jpg 800w, https:\/\/n-ettodisc.shop\/wp-content\/uploads\/2025\/10\/71Nhn9nkraL-150x150.jpg 150w, https:\/\/n-ettodisc.shop\/wp-content\/uploads\/2025\/10\/71Nhn9nkraL-768x768.jpg 768w, https:\/\/n-ettodisc.shop\/wp-content\/uploads\/2025\/10\/71Nhn9nkraL-1536x1536.jpg 1536w, https:\/\/n-ettodisc.shop\/wp-content\/uploads\/2025\/10\/71Nhn9nkraL-2048x2048.jpg 2048w, https:\/\/n-ettodisc.shop\/wp-content\/uploads\/2025\/10\/71Nhn9nkraL-860x860.jpg 860w, https:\/\/n-ettodisc.shop\/wp-content\/uploads\/2025\/10\/71Nhn9nkraL-700x700.jpg 700w\" sizes=\"(max-width: 430px) 100vw, 430px\" \/><\/div>\n\t\t\t\t\t<div class=\"wc-block-grid__product-title\">Lotus Biscoff | Orginal Karamellisierter Keks | 300 Einzeln Verpackte Kekse | Einzigartiger Knuspriger Geschmack | Vegan | Kein Zusatz von Aromen oder Farbstoffen | 1.875 kg<\/div>\n\t\t\t\t<\/a>\n\t\t\t\t<div class=\"wc-block-grid__product-price price\"><del aria-hidden=\"true\"><span class=\"woocommerce-Price-amount amount\">14.62<span class=\"woocommerce-Price-currencySymbol\">&euro;<\/span><\/span><\/del> <span class=\"screen-reader-text\">Urspr\u00fcnglicher Preis war: 14.62&euro;<\/span><ins aria-hidden=\"true\"><span class=\"woocommerce-Price-amount amount\">6.69<span class=\"woocommerce-Price-currencySymbol\">&euro;<\/span><\/span><\/ins><span class=\"screen-reader-text\">Aktueller Preis ist: 6.69&euro;.<\/span><\/div>\n\t\t\t\t\n\t\t\t\t<div class=\"wp-block-button wc-block-grid__product-add-to-cart\"><a href=\"\/index.php?rest_route=%2Fwp%2Fv2%2Fpages%2F14&#038;add-to-cart=9031\" aria-label=\"In den Warenkorb legen: \u201eLotus Biscoff | Orginal Karamellisierter Keks | 300 Einzeln Verpackte Kekse | Einzigartiger Knuspriger Geschmack | Vegan | Kein Zusatz von Aromen oder Farbstoffen | 1.875 kg\u201c\" data-quantity=\"1\" data-product_id=\"9031\" data-product_sku=\"\" data-price=\"6.69\" rel=\"nofollow\" class=\"wp-block-button__link  add_to_cart_button ajax_add_to_cart\">In den Warenkorb<\/a><\/div>\n\t\t\t<\/li><\/ul><\/div><\/div>\n<\/div>\n","protected":false},"excerpt":{"rendered":"","protected":false},"author":1,"featured_media":0,"parent":0,"menu_order":0,"comment_status":"closed","ping_status":"closed","template":"","meta":{"footnotes":""},"class_list":["post-14","page","type-page","status-publish","hentry"],"_links":{"self":[{"href":"https:\/\/n-ettodisc.shop\/index.php?rest_route=\/wp\/v2\/pages\/14","targetHints":{"allow":["GET"]}}],"collection":[{"href":"https:\/\/n-ettodisc.shop\/index.php?rest_route=\/wp\/v2\/pages"}],"about":[{"href":"https:\/\/n-ettodisc.shop\/index.php?rest_route=\/wp\/v2\/types\/page"}],"author":[{"embeddable":true,"href":"https:\/\/n-ettodisc.shop\/index.php?rest_route=\/wp\/v2\/users\/1"}],"replies":[{"embeddable":true,"href":"https:\/\/n-ettodisc.shop\/index.php?rest_route=%2Fwp%2Fv2%2Fcomments&post=14"}],"version-history":[{"count":0,"href":"https:\/\/n-ettodisc.shop\/index.php?rest_route=\/wp\/v2\/pages\/14\/revisions"}],"wp:attachment":[{"href":"https:\/\/n-ettodisc.shop\/index.php?rest_route=%2Fwp%2Fv2%2Fmedia&parent=14"}],"curies":[{"name":"wp","href":"https:\/\/api.w.org\/{rel}","templated":true}]}}